{"id":137,"date":"2025-06-18T07:02:53","date_gmt":"2025-06-18T07:02:53","guid":{"rendered":"https:\/\/apexpartnerslaw.com\/?page_id=137"},"modified":"2025-08-16T21:36:24","modified_gmt":"2025-08-16T14:36:24","slug":"lien-he","status":"publish","type":"page","link":"https:\/\/apexpartnerslaw.com\/en\/lien-he\/","title":{"rendered":"Contact"},"content":{"rendered":"<section class=\"contact-form-section\" style=\"background-color: #fcfcfc; padding-top: 60px; padding-bottom: 60px; border-top: 5px solid #deb857;\"><div class=\"container\"><div class=\"row row-collapse row-collapse-tablet\"><div class=\"col large-6 medium-12\"><div class=\"col-inner contact-info-col\" style=\"background-color: #ffffff; box-shadow: 0 10px 30px rgba(0, 0, 0, 0.08);\"><h2 style=\"color: #333;\">Contact us<\/h2><p>We are always willing to listen and answer all your questions. Do not hesitate to contact us to receive the most professional advice.<\/p><ul class=\"contact-info-list\"><li><i class=\"fas fa-phone-alt\" style=\"color: #deb857;\"><\/i><div><strong>Phone:<\/strong><span>0968 629 434<\/span><\/div><\/li><li><i class=\"fas fa-envelope\" style=\"color: #deb857;\"><\/i><div><strong>E-mail:<\/strong><span>apexpartners.pro@gmail.com<\/span><\/div><\/li><li><i class=\"fas fa-building\" style=\"color: #deb857;\"><\/i><div><strong>Address:<\/strong><span>Vincom Center, 72 Le Thanh Ton Street, Saigon Ward, Ho Chi Minh City, Vietnam.<\/span><\/div><\/li><\/ul><\/div><\/div><div class=\"col large-6 medium-12\"><div class=\"col-inner contact-form-col\" style=\"background-color: #ffffff; box-shadow: 0 10px 30px rgba(0, 0, 0, 0.08);\"><div class=\"wpforms-container wpforms-container-full wpforms-render-modern\" id=\"wpforms-255\"><form id=\"wpforms-form-255\" class=\"wpforms-validate wpforms-form wpforms-ajax-form\" data-formid=\"255\" method=\"post\" enctype=\"multipart\/form-data\" action=\"\/en\/wp-json\/wp\/v2\/pages\/137\" data-trp-original-action=\"\/en\/wp-json\/wp\/v2\/pages\/137\"><noscript class=\"wpforms-error-noscript\">Please enable JavaScript in your browser to complete this form.<\/noscript><div class=\"wpforms-hidden\" id=\"wpforms-error-noscript\">Please enable JavaScript in your browser to complete this form.<\/div><div class=\"wpforms-field-container\"><div id=\"wpforms-255-field_1-container\" class=\"wpforms-field wpforms-field-name\" data-field-id=\"1\"><label class=\"wpforms-field-label wpforms-label-hide\" for=\"wpforms-255-field_1\" aria-hidden=\"false\">Name <span class=\"wpforms-required-label\" aria-hidden=\"true\">*<\/span><\/label><input type=\"text\" id=\"wpforms-255-field_1\" class=\"wpforms-field-large wpforms-field-required\" name=\"wpforms[fields][1]\" placeholder=\"Full name\" aria-errormessage=\"wpforms-255-field_1-error\" required><\/div><div id=\"wpforms-255-field_2-container\" class=\"wpforms-field wpforms-field-layout\" data-field-id=\"2\"><label class=\"wpforms-field-label wpforms-label-hide\" for=\"wpforms-255-field_2\" aria-hidden=\"false\">Layout<\/label><div class=\"wpforms-field-layout-columns wpforms-field-layout-preset-50-50\"><div class=\"wpforms-layout-column wpforms-layout-column-50\"><div id=\"wpforms-255-field_4-container\" class=\"wpforms-field wpforms-field-phone\" data-field-id=\"4\"><label class=\"wpforms-field-label wpforms-label-hide\" for=\"wpforms-255-field_4\" aria-hidden=\"false\">Phone <span class=\"wpforms-required-label\" aria-hidden=\"true\">*<\/span><\/label><input type=\"tel\" id=\"wpforms-255-field_4\" class=\"wpforms-field-medium wpforms-field-required\" data-rule-int-phone-field=\"true\" name=\"wpforms[fields][4]\" placeholder=\"Phone number\" aria-errormessage=\"wpforms-255-field_4-error\" required><\/div><\/div><div class=\"wpforms-layout-column wpforms-layout-column-50\"><div id=\"wpforms-255-field_3-container\" class=\"wpforms-field wpforms-field-email\" data-field-id=\"3\"><label class=\"wpforms-field-label wpforms-label-hide\" for=\"wpforms-255-field_3\" aria-hidden=\"false\">E-mail <span class=\"wpforms-required-label\" aria-hidden=\"true\">*<\/span><\/label><input type=\"email\" id=\"wpforms-255-field_3\" class=\"wpforms-field-medium wpforms-field-required\" name=\"wpforms[fields][3]\" placeholder=\"E-mail\" spellcheck=\"false\" aria-errormessage=\"wpforms-255-field_3-error\" required><\/div><\/div><\/div><\/div><div id=\"wpforms-255-field_6-container\" class=\"wpforms-field wpforms-field-select wpforms-field-select-style-classic\" data-field-id=\"6\"><label class=\"wpforms-field-label wpforms-label-hide\" for=\"wpforms-255-field_6\" aria-hidden=\"false\">Service <span class=\"wpforms-required-label\" aria-hidden=\"true\">*<\/span><\/label><select id=\"wpforms-255-field_6\" class=\"wpforms-field-large wpforms-field-required\" name=\"wpforms[fields][6]\" required=\"required\"><option value=\"\" class=\"placeholder\" disabled selected='selected'>Services need consulting<\/option><option value=\"\u0110\u0102NG K\u00dd KINH DOANH\" >\u0110\u0102NG K\u00dd KINH DOANH<\/option><option value=\"\u0110\u1ea6U T\u01af N\u01af\u1edaC NGO\u00c0I\" >FOREIGN INVESTMENT<\/option><option value=\"GI\u1ea4Y PH\u00c9P CON\" >GI\u1ea4Y PH\u00c9P CON<\/option><\/select><\/div><div id=\"wpforms-255-field_7-container\" class=\"wpforms-field wpforms-field-textarea\" data-field-id=\"7\"><label class=\"wpforms-field-label wpforms-label-hide\" for=\"wpforms-255-field_7\" aria-hidden=\"false\">Describe<\/label><textarea id=\"wpforms-255-field_7\" class=\"wpforms-field-medium\" name=\"wpforms[fields][7]\" placeholder=\"Describe\" aria-errormessage=\"wpforms-255-field_7-error\" ><\/textarea><\/div><\/div><!-- .wpforms-field-container --><div class=\"wpforms-submit-container\" ><input type=\"hidden\" name=\"wpforms[id]\" value=\"255\"><input type=\"hidden\" name=\"wpforms[author]\" value=\"1\"><input type=\"hidden\" class=\"wpforms-token\" name=\"wpforms[token]\" value=\"2d95ae54e4a6fdb822105a2703355f2d\" \/><button type=\"submit\" name=\"wpforms[submit]\" id=\"wpforms-submit-255\" class=\"wpforms-submit\" data-alt-text=\"\u0110ang g\u1eedi...\" data-submit-text=\"Li\u00ean h\u1ec7 t\u01b0 v\u1ea5n ngay\" aria-live=\"assertive\" value=\"wpforms-submit\">Contact for consultation now<\/button><img loading=\"lazy\" decoding=\"async\" src=\"https:\/\/apexpartnerslaw.com\/wp-content\/plugins\/wpforms\/assets\/images\/submit-spin.svg\" class=\"wpforms-submit-spinner\" style=\"display: none;\" width=\"26\" height=\"26\" alt=\"Loading\" title=\"\"><\/div><input type=\"hidden\" name=\"trp-form-language\" value=\"en\"\/><\/form><\/div>  <!-- .wpforms-container --><\/div><\/div><\/div><\/div><\/section><style>.contact-form-section .wpforms-container button[type=\"submit\"] { background-color: #deb857; }.contact-form-section .wpforms-container button[type=\"submit\"]:hover { background-color: #c9a147; }.contact-form-section .contact-info-col h2::after { background-color: #deb857; }<\/style>\n\t<section class=\"section\" id=\"section_118075292\">\n\t\t<div class=\"bg section-bg fill bg-fill  bg-loaded\" >\n\n\t\t\t\n\t\t\t\n\t\t\t\n\n\t\t<\/div>\n\n\t\t\n\n\t\t<div class=\"section-content relative\">\n\t\t\t\n<div class=\"row\"  id=\"row-484864720\">\n\n\t<div id=\"col-614715307\" class=\"col small-12 large-12\"  >\n\t\t\t\t<div class=\"col-inner\"  >\n\t\t\t\n\t\t\t\n\n<p><iframe loading=\"lazy\" style=\"border: 0;\" src=\"https:\/\/www.google.com\/maps\/embed?pb=!1m18!1m12!1m3!1d3919.4347456972882!2d106.69907547471327!3d10.777976859165769!2m3!1f0!2f0!3f0!3m2!1i1024!2i768!4f13.1!3m3!1m2!1s0x31752f4876c29a9b%3A0xd2c79768678d2142!2zVmluY29tIENlbnRlciDEkOG7k25nIEto4bufaQ!5e0!3m2!1svi!2s!4v1750649793618!5m2!1svi!2s\" width=\"100%\" height=\"400\" allowfullscreen=\"allowfullscreen\"><\/iframe><br \/>\n\n\t\t<\/div>\n\t\t\t\t\t<\/div>\n\n\t\n<\/div>\n\t\t<\/div>\n\n\t\t\n<style>\n#section_118075292 {\n  padding-top: 30px;\n  padding-bottom: 30px;\n}\n<\/style>\n\t<\/section>","protected":false},"excerpt":{"rendered":"","protected":false},"author":1,"featured_media":777,"parent":0,"menu_order":0,"comment_status":"closed","ping_status":"closed","template":"page-blank.php","meta":{"_acf_changed":false,"footnotes":""},"class_list":["post-137","page","type-page","status-publish","has-post-thumbnail","hentry"],"acf":[],"_links":{"self":[{"href":"https:\/\/apexpartnerslaw.com\/en\/wp-json\/wp\/v2\/pages\/137","targetHints":{"allow":["GET"]}}],"collection":[{"href":"https:\/\/apexpartnerslaw.com\/en\/wp-json\/wp\/v2\/pages"}],"about":[{"href":"https:\/\/apexpartnerslaw.com\/en\/wp-json\/wp\/v2\/types\/page"}],"author":[{"embeddable":true,"href":"https:\/\/apexpartnerslaw.com\/en\/wp-json\/wp\/v2\/users\/1"}],"replies":[{"embeddable":true,"href":"https:\/\/apexpartnerslaw.com\/en\/wp-json\/wp\/v2\/comments?post=137"}],"version-history":[{"count":9,"href":"https:\/\/apexpartnerslaw.com\/en\/wp-json\/wp\/v2\/pages\/137\/revisions"}],"predecessor-version":[{"id":788,"href":"https:\/\/apexpartnerslaw.com\/en\/wp-json\/wp\/v2\/pages\/137\/revisions\/788"}],"wp:featuredmedia":[{"embeddable":true,"href":"https:\/\/apexpartnerslaw.com\/en\/wp-json\/wp\/v2\/media\/777"}],"wp:attachment":[{"href":"https:\/\/apexpartnerslaw.com\/en\/wp-json\/wp\/v2\/media?parent=137"}],"curies":[{"name":"wp","href":"https:\/\/api.w.org\/{rel}","templated":true}]}}