{"id":729,"date":"2025-07-30T12:49:40","date_gmt":"2025-07-30T05:49:40","guid":{"rendered":"https:\/\/apexpartnerslaw.com\/?page_id=729"},"modified":"2025-08-26T19:37:06","modified_gmt":"2025-08-26T12:37:06","slug":"gioi-thieu","status":"publish","type":"page","link":"https:\/\/apexpartnerslaw.com\/en\/gioi-thieu\/","title":{"rendered":"Introduce"},"content":{"rendered":"<section class=\"intro-section\">\n        <div class=\"container\">\n            <div class=\"intro-content\">\n                <div class=\"intro-text\">\n                                            <h2>APEX PARTNERS COMPANY LIMITED<\/h2>\n                    \n                                            <p>Professional consulting unit in the field of legal services and investment support, especially for foreign investors when participating in the Vietnamese market.<\/p>\n                    \n                                            <p>With a team of experienced consultants and a deep understanding of the law and business environment in Vietnam, APEX Partners is committed to providing customers with comprehensive and effective solutions that comply with legal regulations and the practical needs of each project.<\/p>\n                    \n                    \n                                            <a href=\"#\" class=\"cta-button\">\n                            APEX Partners                        <\/a>\n                                    <\/div>\n\n                <div class=\"intro-media\">\n                                    <\/div>\n            <\/div>\n        <\/div>\n    <\/section>\n\n\t<section class=\"section\" id=\"section_675197840\">\n\t\t<div class=\"bg section-bg fill bg-fill  bg-loaded\" >\n\n\t\t\t\n\t\t\t\n\t\t\t\n\n\t\t<\/div>\n\n\t\t\n\n\t\t<div class=\"section-content relative\">\n\t\t\t\n<div class=\"row align-middle\"  id=\"row-2001151840\">\n\n\t<div id=\"col-2004970806\" class=\"col medium-6 small-12 large-6\"  >\n\t\t\t\t<div class=\"col-inner\"  >\n\t\t\t\n\t\t\t\n\t<div class=\"img has-hover x md-x lg-x y md-y lg-y\" id=\"image_1690807501\">\n\t\t\t\t\t\t\t\t<div class=\"img-inner dark\" >\n\t\t\t<img loading=\"lazy\" decoding=\"async\" width=\"1020\" height=\"595\" src=\"https:\/\/apexpartnerslaw.com\/wp-content\/uploads\/2025\/08\/legal-in-IT-1024x597.jpg\" class=\"attachment-large size-large\" alt=\"\" srcset=\"https:\/\/apexpartnerslaw.com\/wp-content\/uploads\/2025\/08\/legal-in-IT-1024x597.jpg 1024w, https:\/\/apexpartnerslaw.com\/wp-content\/uploads\/2025\/08\/legal-in-IT-300x175.jpg 300w, https:\/\/apexpartnerslaw.com\/wp-content\/uploads\/2025\/08\/legal-in-IT-768x448.jpg 768w, https:\/\/apexpartnerslaw.com\/wp-content\/uploads\/2025\/08\/legal-in-IT-18x10.jpg 18w, https:\/\/apexpartnerslaw.com\/wp-content\/uploads\/2025\/08\/legal-in-IT.jpg 1386w\" sizes=\"auto, (max-width: 1020px) 100vw, 1020px\" title=\"\">\t\t\t\t\t\t\n\t\t\t\t\t<\/div>\n\t\t\t\t\t\t\t\t\n<style>\n#image_1690807501 {\n  width: 100%;\n}\n<\/style>\n\t<\/div>\n\t\n\t\t<\/div>\n\t\t\t\t\t<\/div>\n\n\t\n\n\t<div id=\"col-549470418\" class=\"col medium-6 small-12 large-6\"  >\n\t\t\t\t<div class=\"col-inner\"  >\n\t\t\t\n\t\t\t\n<div class=\"row\"  id=\"row-1565379894\">\n\n\t<div id=\"col-562358826\" class=\"col small-12 large-12\"  >\n\t\t\t\t<div class=\"col-inner\"  >\n\t\t\t\n\t\t\t\n\n\t\t<div class=\"icon-box featured-box icon-box-left text-left\"  >\n\t\t\t\t\t<div class=\"icon-box-img\" style=\"width: 60px\">\n\t\t\t\t<div class=\"icon\">\n\t\t\t\t\t<div class=\"icon-inner\" >\n\t\t\t\t\t\t<img loading=\"lazy\" decoding=\"async\" width=\"84\" height=\"84\" src=\"https:\/\/apexpartnerslaw.com\/wp-content\/uploads\/2025\/06\/global-network.png\" class=\"attachment-medium size-medium\" alt=\"\" title=\"\">\t\t\t\t\t<\/div>\n\t\t\t\t<\/div>\n\t\t\t<\/div>\n\t\t\t\t<div class=\"icon-box-text last-reset\">\n\t\t\t\t\t\t\t\t\t\n<h3>T\u1ea6M NH\u00ccN<\/h3>\n<p>APEX PARTNERS h\u01b0\u1edbng \u0111\u1ebfn tr\u1edf th\u00e0nh \u0111\u01a1n v\u1ecb t\u01b0 v\u1ea5n ph\u00e1p l\u00fd v\u00e0 \u0111\u1ea7u t\u01b0 h\u00e0ng \u0111\u1ea7u t\u1ea1i Vi\u1ec7t Nam, l\u00e0 c\u1ea7u n\u1ed1i tin c\u1eady gi\u1eefa doanh nghi\u1ec7p trong n\u01b0\u1edbc v\u00e0 qu\u1ed1c t\u1ebf, g\u00f3p ph\u1ea7n x\u00e2y d\u1ef1ng m\u00f4i tr\u01b0\u1eddng kinh doanh minh b\u1ea1ch \u2013 b\u1ec1n v\u1eefng \u2013 h\u1ed9i nh\u1eadp.<\/p>\n\t\t<\/div>\n\t<\/div>\n\t\n\t\n\t\t<\/div>\n\t\t\t\t\t<\/div>\n\n\t\n\n\t<div id=\"col-1233729922\" class=\"col small-12 large-12\"  >\n\t\t\t\t<div class=\"col-inner\"  >\n\t\t\t\n\t\t\t\n\n\t\t<div class=\"icon-box featured-box icon-box-left text-left\"  >\n\t\t\t\t\t<div class=\"icon-box-img\" style=\"width: 60px\">\n\t\t\t\t<div class=\"icon\">\n\t\t\t\t\t<div class=\"icon-inner\" >\n\t\t\t\t\t\t<img loading=\"lazy\" decoding=\"async\" width=\"65\" height=\"65\" src=\"https:\/\/apexpartnerslaw.com\/wp-content\/uploads\/2025\/06\/law-1.png\" class=\"attachment-medium size-medium\" alt=\"\" title=\"\">\t\t\t\t\t<\/div>\n\t\t\t\t<\/div>\n\t\t\t<\/div>\n\t\t\t\t<div class=\"icon-box-text last-reset\">\n\t\t\t\t\t\t\t\t\t\n<h3>S\u1ee8 M\u1ec6NH<\/h3>\n<p data-start=\"244\" data-end=\"491\">Cung c\u1ea5p d\u1ecbch v\u1ee5 t\u01b0 v\u1ea5n ph\u00e1p l\u00fd v\u00e0 h\u1ed7 tr\u1ee3 \u0111\u1ea7u t\u01b0 chuy\u00ean nghi\u1ec7p, t\u1eadn t\u00e2m v\u00e0 chu\u1ea9n m\u1ef1c, nh\u1eb1m b\u1ea3o v\u1ec7 quy\u1ec1n l\u1ee3i h\u1ee3p ph\u00e1p, gi\u1ea3i quy\u1ebft th\u00e1ch th\u1ee9c ph\u00e1p l\u00fd v\u00e0 t\u1ea1o d\u1ef1ng n\u1ec1n t\u1ea3ng v\u1eefng ch\u1eafc cho s\u1ef1 ph\u00e1t tri\u1ec3n c\u1ee7a kh\u00e1ch h\u00e0ng.<\/p>\n\t\t<\/div>\n\t<\/div>\n\t\n\t\n\t\t<\/div>\n\t\t\t\t\t<\/div>\n\n\t\n<\/div>\n\t\t<\/div>\n\t\t\t\t\t<\/div>\n\n\t\n<\/div>\n\t\t<\/div>\n\n\t\t\n<style>\n#section_675197840 {\n  padding-top: 30px;\n  padding-bottom: 30px;\n}\n<\/style>\n\t<\/section>\n\t\n\t<section class=\"section\" id=\"section_179862076\">\n\t\t<div class=\"bg section-bg fill bg-fill  bg-loaded\" >\n\n\t\t\t\n\t\t\t\n\t\t\t\n\n\t\t<\/div>\n\n\t\t\n\n\t\t<div class=\"section-content relative\">\n\t\t\t\n<div class=\"row\"  id=\"row-563754864\">\n\n\t<div id=\"col-1930499937\" class=\"col small-12 large-12\"  >\n\t\t\t\t<div class=\"col-inner\"  >\n\t\t\t\n\t\t\t\n\t<div id=\"text-1858625297\" class=\"text\">\n\t\t\n<h2>GI\u00c1 TR\u1eca C\u1ed0T L\u00d5I<\/h2>\n\t\t\n<style>\n#text-1858625297 {\n  font-size: 1.45rem;\n  text-align: center;\n}\n<\/style>\n\t<\/div>\n\t\n<div class=\"text-center\"><div class=\"is-divider divider clearfix\" style=\"max-width:200px;background-color:rgb(255, 207, 0);\"><\/div><\/div>\n\t\t<\/div>\n\t\t\t\t\t<\/div>\n\n\t\n\n\t<div id=\"col-1099470250\" class=\"col medium-4 small-12 large-4\"  >\n\t\t\t\t<div class=\"col-inner\"  >\n\t\t\t\n\t\t\t\n\n\t\t<div class=\"icon-box featured-box icon-box-left text-left\"  >\n\t\t\t\t\t<div class=\"icon-box-img\" style=\"width: 60px\">\n\t\t\t\t<div class=\"icon\">\n\t\t\t\t\t<div class=\"icon-inner\" >\n\t\t\t\t\t\t<img loading=\"lazy\" decoding=\"async\" width=\"84\" height=\"84\" src=\"https:\/\/apexpartnerslaw.com\/wp-content\/uploads\/2025\/06\/global-network.png\" class=\"attachment-medium size-medium\" alt=\"\" title=\"\">\t\t\t\t\t<\/div>\n\t\t\t\t<\/div>\n\t\t\t<\/div>\n\t\t\t\t<div class=\"icon-box-text last-reset\">\n\t\t\t\t\t\t\t\t\t\n<h3>T\u1eadn t\u00e2m<\/h3>\n<p>Lu\u00f4n \u0111\u1ed3ng h\u00e0nh c\u00f9ng kh\u00e1ch h\u00e0ng v\u1edbi tr\u00e1ch nhi\u1ec7m cao nh\u1ea5t, \u0111\u1eb7t l\u1ee3i \u00edch v\u00e0 s\u1ef1 an t\u00e2m ph\u00e1p l\u00fd c\u1ee7a kh\u00e1ch h\u00e0ng l\u00e0m tr\u1ecdng t\u00e2m.<\/p>\n\t\t<\/div>\n\t<\/div>\n\t\n\t\n\t\t<\/div>\n\t\t\t\t\t<\/div>\n\n\t\n\n\t<div id=\"col-1229611365\" class=\"col medium-4 small-12 large-4\"  >\n\t\t\t\t<div class=\"col-inner\"  >\n\t\t\t\n\t\t\t\n\n\t\t<div class=\"icon-box featured-box icon-box-left text-left\"  >\n\t\t\t\t\t<div class=\"icon-box-img\" style=\"width: 60px\">\n\t\t\t\t<div class=\"icon\">\n\t\t\t\t\t<div class=\"icon-inner\" >\n\t\t\t\t\t\t<img loading=\"lazy\" decoding=\"async\" width=\"76\" height=\"76\" src=\"https:\/\/apexpartnerslaw.com\/wp-content\/uploads\/2025\/06\/Page-1.png\" class=\"attachment-medium size-medium\" alt=\"\" title=\"\">\t\t\t\t\t<\/div>\n\t\t\t\t<\/div>\n\t\t\t<\/div>\n\t\t\t\t<div class=\"icon-box-text last-reset\">\n\t\t\t\t\t\t\t\t\t\n<h3>S\u00e1ng t\u1ea1o<\/h3>\n<p>\u0110\u1ec1 xu\u1ea5t nh\u1eefng gi\u1ea3i ph\u00e1p ph\u00e1p l\u00fd linh ho\u1ea1t, th\u1ef1c ti\u1ec5n v\u00e0 ph\u00f9 h\u1ee3p v\u1edbi t\u1eebng t\u00ecnh hu\u1ed1ng c\u1ee5 th\u1ec3.<\/p>\n\t\t<\/div>\n\t<\/div>\n\t\n\t\n\t\t<\/div>\n\t\t\t\t\t<\/div>\n\n\t\n\n\t<div id=\"col-1333767471\" class=\"col medium-4 small-12 large-4\"  >\n\t\t\t\t<div class=\"col-inner\"  >\n\t\t\t\n\t\t\t\n\n\t\t<div class=\"icon-box featured-box icon-box-left text-left\"  >\n\t\t\t\t\t<div class=\"icon-box-img\" style=\"width: 60px\">\n\t\t\t\t<div class=\"icon\">\n\t\t\t\t\t<div class=\"icon-inner\" >\n\t\t\t\t\t\t<img loading=\"lazy\" decoding=\"async\" width=\"65\" height=\"65\" src=\"https:\/\/apexpartnerslaw.com\/wp-content\/uploads\/2025\/06\/law-1.png\" class=\"attachment-medium size-medium\" alt=\"\" title=\"\">\t\t\t\t\t<\/div>\n\t\t\t\t<\/div>\n\t\t\t<\/div>\n\t\t\t\t<div class=\"icon-box-text last-reset\">\n\t\t\t\t\t\t\t\t\t\n<h3>Tu\u00e2n th\u1ee7<\/h3>\n<p>H\u00e0nh \u0111\u1ed9ng tr\u00ean n\u1ec1n t\u1ea3ng ph\u00e1p lu\u1eadt, chu\u1ea9n m\u1ef1c ngh\u1ec1 nghi\u1ec7p v\u00e0 \u0111\u1ea1o \u0111\u1ee9c lu\u1eadt s\u01b0.<\/p>\n\t\t<\/div>\n\t<\/div>\n\t\n\t\n\t\t<\/div>\n\t\t\t\t\t<\/div>\n\n\t\n\n\t<div id=\"col-1286651709\" class=\"col medium-4 small-12 large-4\"  >\n\t\t\t\t<div class=\"col-inner\"  >\n\t\t\t\n\t\t\t\n\n\t\t<div class=\"icon-box featured-box icon-box-left text-left\"  >\n\t\t\t\t\t<div class=\"icon-box-img\" style=\"width: 60px\">\n\t\t\t\t<div class=\"icon\">\n\t\t\t\t\t<div class=\"icon-inner\" >\n\t\t\t\t\t\t<img loading=\"lazy\" decoding=\"async\" width=\"76\" height=\"76\" src=\"https:\/\/apexpartnerslaw.com\/wp-content\/uploads\/2025\/06\/Page-1.png\" class=\"attachment-medium size-medium\" alt=\"\" title=\"\">\t\t\t\t\t<\/div>\n\t\t\t\t<\/div>\n\t\t\t<\/div>\n\t\t\t\t<div class=\"icon-box-text last-reset\">\n\t\t\t\t\t\t\t\t\t\n<h3>Cam k\u1ebft<\/h3>\n<p>Gi\u1eef l\u1eddi h\u1ee9a, minh b\u1ea1ch trong c\u00f4ng vi\u1ec7c v\u00e0 x\u1eed l\u00fd k\u1ecbp th\u1eddi m\u1ecdi y\u00eau c\u1ea7u.<\/p>\n\t\t<\/div>\n\t<\/div>\n\t\n\t\n\t\t<\/div>\n\t\t\t\t\t<\/div>\n\n\t\n\n\t<div id=\"col-76868028\" class=\"col medium-4 small-12 large-4\"  >\n\t\t\t\t<div class=\"col-inner\"  >\n\t\t\t\n\t\t\t\n\n\t\t<div class=\"icon-box featured-box icon-box-left text-left\"  >\n\t\t\t\t\t<div class=\"icon-box-img\" style=\"width: 60px\">\n\t\t\t\t<div class=\"icon\">\n\t\t\t\t\t<div class=\"icon-inner\" >\n\t\t\t\t\t\t<img loading=\"lazy\" decoding=\"async\" width=\"65\" height=\"65\" src=\"https:\/\/apexpartnerslaw.com\/wp-content\/uploads\/2025\/06\/law-1.png\" class=\"attachment-medium size-medium\" alt=\"\" title=\"\">\t\t\t\t\t<\/div>\n\t\t\t\t<\/div>\n\t\t\t<\/div>\n\t\t\t\t<div class=\"icon-box-text last-reset\">\n\t\t\t\t\t\t\t\t\t\n<h3>Hi\u1ec7u qu\u1ea3<\/h3>\n<p>\u0110\u1eb7t k\u1ebft qu\u1ea3 cu\u1ed1i c\u00f9ng c\u1ee7a kh\u00e1ch h\u00e0ng l\u00e0 th\u01b0\u1edbc \u0111o th\u00e0nh c\u00f4ng c\u1ee7a APEX PARTNERS.<\/p>\n\t\t<\/div>\n\t<\/div>\n\t\n\t\n\t\t<\/div>\n\t\t\t\t\t<\/div>\n\n\t\n\n\t<div id=\"col-969289407\" class=\"col medium-4 small-12 large-4\"  >\n\t\t\t\t<div class=\"col-inner\"  >\n\t\t\t\n\t\t\t\n\n\t\t<div class=\"icon-box featured-box icon-box-left text-left\"  >\n\t\t\t\t\t<div class=\"icon-box-img\" style=\"width: 60px\">\n\t\t\t\t<div class=\"icon\">\n\t\t\t\t\t<div class=\"icon-inner\" >\n\t\t\t\t\t\t<img loading=\"lazy\" decoding=\"async\" width=\"84\" height=\"84\" src=\"https:\/\/apexpartnerslaw.com\/wp-content\/uploads\/2025\/06\/global-network.png\" class=\"attachment-medium size-medium\" alt=\"\" title=\"\">\t\t\t\t\t<\/div>\n\t\t\t\t<\/div>\n\t\t\t<\/div>\n\t\t\t\t<div class=\"icon-box-text last-reset\">\n\t\t\t\t\t\t\t\t\t\n<h3>\u0110am m\u00ea<\/h3>\n<p>Truy\u1ec1n n\u0103ng l\u01b0\u1ee3ng t\u00edch c\u1ef1c v\u00e0 tinh th\u1ea7n c\u1ed1ng hi\u1ebfn trong t\u1eebng d\u1ef1 \u00e1n, t\u1ea1o n\u00ean gi\u00e1 tr\u1ecb b\u1ec1n v\u1eefng.<\/p>\n\t\t<\/div>\n\t<\/div>\n\t\n\t\n\t\t<\/div>\n\t\t\t\t\t<\/div>\n\n\t\n<\/div>\n\t\t<\/div>\n\n\t\t\n<style>\n#section_179862076 {\n  padding-top: 30px;\n  padding-bottom: 30px;\n}\n<\/style>\n\t<\/section>\n\t\n\t<section class=\"section number\" id=\"section_739100711\">\n\t\t<div class=\"bg section-bg fill bg-fill\" >\n\n\t\t\t\n\t\t\t<div class=\"section-bg-overlay absolute fill\"><\/div>\n\t\t\t\n\n\t\t<\/div>\n\n\t\t\n\n\t\t<div class=\"section-content relative\">\n\t\t\t\n<div class=\"row\"  id=\"row-1521272861\">\n\n\t<div id=\"col-1020588309\" class=\"col small-12 large-12\"  >\n\t\t\t\t<div class=\"col-inner\"  >\n\t\t\t\n\t\t\t\n    <section class=\"number-section\" style=\"background-color: rgba(59, 48, 44, 0);\">\n\n        <h2 class=\"section-title\" style=\"color: rgb(255, 255, 255);\">15 Years Accompanying Businesses and Entrepreneurs<\/h2>\n        <div class=\"number-grid\">\n                            <div class=\"number-item\">\n                    <div class=\"number-item-top\">\n                        <div class=\"number-icon\" style=\"color: #e6b800;\">\n                            <i class=\"fas fa-balance-scale\"><\/i>\n                        <\/div>\n                        <div class=\"number-value\" style=\"color: rgb(255, 255, 255);\">\n                            <span class=\"count-up\">10+<\/span>\n                        <\/div>\n                    <\/div>\n                    <div class=\"number-label\" style=\"color: rgb(255, 255, 255); opacity: 0.8;\">Years of experience<\/div>\n                <\/div>\n                            <div class=\"number-item\">\n                    <div class=\"number-item-top\">\n                        <div class=\"number-icon\" style=\"color: #e6b800;\">\n                            <i class=\"fas fa-file-alt\"><\/i>\n                        <\/div>\n                        <div class=\"number-value\" style=\"color: rgb(255, 255, 255);\">\n                            <span class=\"count-up\">2000<\/span>\n                        <\/div>\n                    <\/div>\n                    <div class=\"number-label\" style=\"color: rgb(255, 255, 255); opacity: 0.8;\">Profile completed<\/div>\n                <\/div>\n                            <div class=\"number-item\">\n                    <div class=\"number-item-top\">\n                        <div class=\"number-icon\" style=\"color: #e6b800;\">\n                            <i class=\"fas fa-users\"><\/i>\n                        <\/div>\n                        <div class=\"number-value\" style=\"color: rgb(255, 255, 255);\">\n                            <span class=\"count-up\">10<\/span>\n                        <\/div>\n                    <\/div>\n                    <div class=\"number-label\" style=\"color: rgb(255, 255, 255); opacity: 0.8;\">Talented staff<\/div>\n                <\/div>\n                            <div class=\"number-item\">\n                    <div class=\"number-item-top\">\n                        <div class=\"number-icon\" style=\"color: #e6b800;\">\n                            <i class=\"fas fa-lightbulb\"><\/i>\n                        <\/div>\n                        <div class=\"number-value\" style=\"color: rgb(255, 255, 255);\">\n                            <span class=\"count-up\">20+<\/span>\n                        <\/div>\n                    <\/div>\n                    <div class=\"number-label\" style=\"color: rgb(255, 255, 255); opacity: 0.8;\">Specialized consulting field<\/div>\n                <\/div>\n                    <\/div>\n\n    <\/section>\n\n\t\t<\/div>\n\t\t\t\t\t<\/div>\n\n\t\n<\/div>\n\t\t<\/div>\n\n\t\t\n<style>\n#section_739100711 {\n  padding-top: 30px;\n  padding-bottom: 30px;\n}\n#section_739100711 .section-bg-overlay {\n  background-color: rgba(0,0,0,.5);\n}\n#section_739100711 .section-bg.bg-loaded {\n  background-image: url(https:\/\/apexpartnerslaw.com\/wp-content\/uploads\/2025\/06\/hero-bg.jpg);\n}\n<\/style>\n\t<\/section>\n\t\n<section class=\"partner-press-section\" style=\"background-color: rgb(222, 184, 87); padding-top: 60px; padding-bottom: 60px; color: #ffffff;\"><div class=\"container text-center\"><p class=\"top-line-text\" style=\"color: #ffffff;\">\u2014 APEX PARTNERS \u2014<\/p><h2 class=\"main-heading\" style=\"color: #ffffff;\">PARTNERS AND CUSTOMERS<\/h2><div class=\"swiper-container partner-logo-slider\" data-slides-per-view=\"5px\" data-space-between=\"20\" data-autoplay=\"3000\" data-loop=\"true\" data-navigation=\"false\" data-pagination=\"false\"><div class=\"swiper-wrapper\"><div class=\"swiper-slide\"><a href=\"#\" target=\"_blank\" rel=\"nofollow noopener noreferrer\" class=\"partner-logo-item\"><img decoding=\"async\" src=\"https:\/\/apexpartnerslaw.com\/wp-content\/uploads\/2025\/08\/logo_mobile.png\" alt=\"\" title=\"\"><\/a><\/div><div class=\"swiper-slide\"><a href=\"#\" target=\"_blank\" rel=\"nofollow noopener noreferrer\" class=\"partner-logo-item\"><img decoding=\"async\" src=\"https:\/\/apexpartnerslaw.com\/wp-content\/uploads\/2025\/08\/KENTEK_LOGO-Slogan.png\" alt=\"\" title=\"\"><\/a><\/div><div class=\"swiper-slide\"><a href=\"#\" target=\"_blank\" rel=\"nofollow noopener noreferrer\" class=\"partner-logo-item\"><img decoding=\"async\" src=\"https:\/\/apexpartnerslaw.com\/wp-content\/uploads\/2025\/08\/images.png\" alt=\"\" title=\"\"><\/a><\/div><div class=\"swiper-slide\"><a href=\"#\" target=\"_blank\" rel=\"nofollow noopener noreferrer\" class=\"partner-logo-item\"><img decoding=\"async\" src=\"https:\/\/apexpartnerslaw.com\/wp-content\/uploads\/2025\/08\/6690eb4a4685759c11aa057d_654a1041a5a3a686ade67c73_Logos20Cooperl_Coul.png\" alt=\"\" title=\"\"><\/a><\/div><div class=\"swiper-slide\"><a href=\"#\" target=\"_blank\" rel=\"nofollow noopener noreferrer\" class=\"partner-logo-item\"><img decoding=\"async\" src=\"https:\/\/apexpartnerslaw.com\/wp-content\/uploads\/2025\/08\/logo-replus-1.webp\" alt=\"\" title=\"\"><\/a><\/div><div class=\"swiper-slide\"><a href=\"#\" target=\"_blank\" rel=\"nofollow noopener noreferrer\" class=\"partner-logo-item\"><img decoding=\"async\" src=\"https:\/\/apexpartnerslaw.com\/wp-content\/uploads\/2025\/08\/logo-happy-marketing-agency.png\" alt=\"\" title=\"\"><\/a><\/div><div class=\"swiper-slide\"><a href=\"#\" target=\"_blank\" rel=\"nofollow noopener noreferrer\" class=\"partner-logo-item\"><img decoding=\"async\" src=\"https:\/\/apexpartnerslaw.com\/wp-content\/uploads\/2025\/08\/600x600.png\" alt=\"\" title=\"\"><\/a><\/div><\/div><\/div><\/div><\/section>","protected":false},"excerpt":{"rendered":"","protected":false},"author":1,"featured_media":783,"parent":0,"menu_order":0,"comment_status":"closed","ping_status":"closed","template":"page-blank.php","meta":{"_acf_changed":false,"footnotes":""},"class_list":["post-729","page","type-page","status-publish","has-post-thumbnail","hentry"],"acf":[],"_links":{"self":[{"href":"https:\/\/apexpartnerslaw.com\/en\/wp-json\/wp\/v2\/pages\/729","targetHints":{"allow":["GET"]}}],"collection":[{"href":"https:\/\/apexpartnerslaw.com\/en\/wp-json\/wp\/v2\/pages"}],"about":[{"href":"https:\/\/apexpartnerslaw.com\/en\/wp-json\/wp\/v2\/types\/page"}],"author":[{"embeddable":true,"href":"https:\/\/apexpartnerslaw.com\/en\/wp-json\/wp\/v2\/users\/1"}],"replies":[{"embeddable":true,"href":"https:\/\/apexpartnerslaw.com\/en\/wp-json\/wp\/v2\/comments?post=729"}],"version-history":[{"count":8,"href":"https:\/\/apexpartnerslaw.com\/en\/wp-json\/wp\/v2\/pages\/729\/revisions"}],"predecessor-version":[{"id":817,"href":"https:\/\/apexpartnerslaw.com\/en\/wp-json\/wp\/v2\/pages\/729\/revisions\/817"}],"wp:featuredmedia":[{"embeddable":true,"href":"https:\/\/apexpartnerslaw.com\/en\/wp-json\/wp\/v2\/media\/783"}],"wp:attachment":[{"href":"https:\/\/apexpartnerslaw.com\/en\/wp-json\/wp\/v2\/media?parent=729"}],"curies":[{"name":"wp","href":"https:\/\/api.w.org\/{rel}","templated":true}]}}